{"id":9115,"date":"2024-04-08T10:45:40","date_gmt":"2024-04-08T09:45:40","guid":{"rendered":"https:\/\/radenergy.es\/?page_id=9115"},"modified":"2024-04-08T12:31:10","modified_gmt":"2024-04-08T11:31:10","slug":"plan-ecovivienda","status":"publish","type":"page","link":"https:\/\/radenergy.es\/es\/plan-ecovivienda\/","title":{"rendered":"Plan Ecovivienda"},"content":{"rendered":"\n<p><\/p>\n\n\n\n<div class=\"wp-block-cover alignfull\"><span aria-hidden=\"true\" class=\"wp-block-cover__background has-background-dim\"><\/span><img decoding=\"async\" width=\"1366\" height=\"768\" class=\"wp-block-cover__image-background wp-image-9139\" alt=\"casa placas solares\" src=\"https:\/\/radenergy.es\/wp-content\/uploads\/2024\/04\/casa-placas-solares.png\" data-object-fit=\"cover\" srcset=\"https:\/\/radenergy.es\/wp-content\/uploads\/2024\/04\/casa-placas-solares.png 1366w, https:\/\/radenergy.es\/wp-content\/uploads\/2024\/04\/casa-placas-solares-300x169.png 300w, https:\/\/radenergy.es\/wp-content\/uploads\/2024\/04\/casa-placas-solares-768x432.png 768w\" sizes=\"(max-width: 1366px) 100vw, 1366px\" \/><div class=\"wp-block-cover__inner-container is-layout-constrained wp-block-cover-is-layout-constrained\">\n<p class=\"has-text-align-center has-large-font-size\"><\/p>\n\n\n\n<div class=\"wp-block-stackable-heading stk-block-heading stk-block-heading--v2 stk-block stk-724c6a9\" id=\"plan-ecovivienda-en-malaga\" data-block-id=\"724c6a9\"><h2 class=\"stk-block-heading__text has-text-align-center\">Plan Ecovivienda en M\u00e1laga<\/h2><\/div>\n\n\n\n<div class=\"wp-block-stackable-button-group stk-block-button-group stk-block stk-e501f90\" data-block-id=\"e501f90\"><div class=\"stk-row stk-inner-blocks has-text-align-center stk-block-content stk-button-group\">\n<div class=\"wp-block-stackable-button stk-block-button stk-block stk-ea5a9b7\" data-block-id=\"ea5a9b7\"><style>.stk-ea5a9b7 .stk-button{min-height:0px !important;background:var(--stk-global-color-66906,#fbae27) !important;border-top-left-radius:8px !important;border-top-right-radius:8px !important;border-bottom-right-radius:8px !important;border-bottom-left-radius:8px !important}<\/style><a class=\"stk-link stk-button stk--hover-effect-darken\" href=\"https:\/\/radenergy.es\/presupuesto-plan-ecovivienda\/\" target=\"_blank\" rel=\"noreferrer noopener\"><span class=\"stk-button__inner-text\">Pedir informaci\u00f3n<\/span><\/a><\/div>\n<\/div><\/div>\n<\/div><\/div>\n\n\n\n<hr class=\"wp-block-separator has-alpha-channel-opacity\"\/>\n\n\n\n<div class=\"wp-block-stackable-heading stk-block-heading stk-block-heading--v2 stk-block stk-aea0587\" id=\"span-style-color-0-b-2549-class-stk-highlight-que-es-el-plan-ecovivienda-span\" data-block-id=\"aea0587\"><h2 class=\"stk-block-heading__text\"><span style=\"color: #0b2549;\" class=\"stk-highlight\">\u00bfQue \u00e9s el Plan Ecovivienda?<\/span><\/h2><\/div>\n\n\n\n<p><span style=\"color: #0b2549;\" class=\"stk-highlight\">Tienen por objeto la financiaci\u00f3n de obras o actuaciones en edificios de tipolog\u00eda residencial colectiva incluyendo las viviendas, y en viviendas unifamiliares en las que se obtenga una mejora acreditada de la eficiencia energ\u00e9tica.<br>De todo el edificio en s\u00ed, no de una casa del mismo.<\/span><\/p>\n\n\n\n<div class=\"wp-block-stackable-heading stk-block-heading stk-block-heading--v2 stk-block stk-9b03dc4\" id=\"span-style-color-0-b-2549-class-stk-highlight-span-style-color-0-b-2549-class-stk-highlight-br-rehabilitacion-u-obra-nueva-span-span\" data-block-id=\"9b03dc4\"><h2 class=\"stk-block-heading__text\"><span style=\"color: #0b2549;\" class=\"stk-highlight\"><span style=\"color: #0b2549;\" class=\"stk-highlight\"><br>\u00bfRehabilitaci\u00f3n u Obra nueva?<\/span><\/span><\/h2><\/div>\n\n\n\n<p><span style=\"color: #0b2549;\" class=\"stk-highlight\">Pueden ser edificios nuevos siempre que podamos justificarle a la administraci\u00f3n que primero se ha hecho el edificio sin las instalaciones de energ\u00eda renovable y luego se han incorporado. Es decir, si hacemos un certificado previo que no las recoja y otro posterior que s\u00ed<\/span> lo haga.<\/p>\n\n\n\n<div class=\"wp-block-stackable-heading stk-block-heading stk-block-heading--v2 stk-block stk-1c08310\" id=\"span-style-color-0-b-2549-class-stk-highlight-que-es-necesario-para-solicitarla-span\" data-block-id=\"1c08310\"><h2 class=\"stk-block-heading__text\"><span style=\"color: #0b2549;\" class=\"stk-highlight\">\u00bfQu\u00e9 es necesario para solicitarla?<\/span><\/h2><\/div>\n\n\n\n<p><span style=\"color: #0b2549;\" class=\"stk-highlight\">Reducci\u00f3n del consumo de energ\u00eda primaria no renovable de al menos el 30%y reducci\u00f3n de la demanda energ\u00e9tica anual global de calefacci\u00f3n y refrigeraci\u00f3n de al menos 35% en zonas clim\u00e1ticas D y E y 25% en zona clim\u00e1tica C.<\/span> <\/p>\n\n\n\n<p><span style=\"color: #0b2549;\" class=\"stk-highlight\">No exigible en edificios protegidos.<\/span><\/p>\n\n\n\n<p><span style=\"color: #0b2549;\" class=\"stk-highlight\">Posibilidad de considerar actuaciones realizadas en los \u00faltimos 4 a\u00f1os.<br>Una vez que sepamos que esto se cumpla, se podr\u00e1 llevar a cabo la presentaci\u00f3n, la cual se puede hacer hasta el 31\/12\/2024.<\/span><\/p>\n\n\n\n<div class=\"wp-block-stackable-heading stk-block-heading stk-block-heading--v2 stk-block stk-a3fcf18\" id=\"span-style-color-0-b-2549-class-stk-highlight-requisitos-span\" data-block-id=\"a3fcf18\"><h2 class=\"stk-block-heading__text\"><span style=\"color: #0b2549;\" class=\"stk-highlight\">Requisitos<\/span><\/h2><\/div>\n\n\n\n<div class=\"wp-block-stackable-heading stk-block-heading stk-block-heading--v2 stk-block stk-7aaae4a\" id=\"span-style-color-0-b-2549-class-stk-highlight-de-las-personas-y-entidades-beneficiarias-span\" data-block-id=\"7aaae4a\"><h3 class=\"stk-block-heading__text\"><span style=\"color: #0b2549;\" class=\"stk-highlight\">De las personas y entidades beneficiarias:<\/span><\/h3><\/div>\n\n\n\n<p><span style=\"color: #0b2549;\" class=\"stk-highlight\">Comunidades de propietarios: Contar con acuerdo aprobando la actuaci\u00f3n en el que conste compromisos de ejecuci\u00f3n y subvenci\u00f3n asumidos por cada miembro.<\/span><\/p>\n\n\n\n<p><span style=\"color: #0b2549;\" class=\"stk-highlight\">Personas jur\u00eddicas: Estar debidamente constituidas seg\u00fan normativa de aplicaci\u00f3n.<\/span><\/p>\n\n\n\n<p><span style=\"color: #0b2549;\" class=\"stk-highlight\">Entidades sin personalidad jur\u00eddica: Representante con poderes bastantes y hacer constar compromisos de ejecuci\u00f3n y subvenci\u00f3n asumidos por cada miembro.<\/span><br><\/p>\n\n\n\n<div class=\"wp-block-stackable-heading stk-block-heading stk-block-heading--v2 stk-block stk-974727d\" id=\"span-style-color-0-b-2549-class-stk-highlight-de-los-edificios-span\" data-block-id=\"974727d\"><h3 class=\"stk-block-heading__text\"><span style=\"color: #0b2549;\" class=\"stk-highlight\">De los edificios:<\/span><\/h3><\/div>\n\n\n\n<p><span style=\"color: #0b2549;\" class=\"stk-highlight\">Al menos el 50% de la superficie construida con uso residencial de vivienda<\/span><\/p>\n","protected":false},"excerpt":{"rendered":"<p>\u00bfQue \u00e9s el Plan Ecovivienda? Tienen por objeto la financiaci\u00f3n de obras o actuaciones en edificios de tipolog\u00eda residencial colectiva incluyendo las viviendas, y en viviendas unifamiliares en las que se obtenga una mejora acreditada de la eficiencia energ\u00e9tica.De todo el edificio en s\u00ed, no de una casa del mismo. \u00bfRehabilitaci\u00f3n u Obra nueva? Pueden&hellip;&nbsp;<a href=\"https:\/\/radenergy.es\/es\/plan-ecovivienda\/\" class=\"\" rel=\"bookmark\">Leer m\u00e1s &raquo;<span class=\"screen-reader-text\">Plan Ecovivienda<\/span><\/a><\/p>\n","protected":false},"author":7,"featured_media":0,"parent":0,"menu_order":0,"comment_status":"closed","ping_status":"closed","template":"","meta":{"_monsterinsights_skip_tracking":false,"_monsterinsights_sitenote_active":false,"_monsterinsights_sitenote_note":"","_monsterinsights_sitenote_category":0,"_uf_show_specific_survey":0,"_uf_disable_surveys":false,"neve_meta_sidebar":"","neve_meta_container":"","neve_meta_enable_content_width":"","neve_meta_content_width":0,"neve_meta_title_alignment":"","neve_meta_author_avatar":"","neve_post_elements_order":"","neve_meta_disable_header":"","neve_meta_disable_footer":"","neve_meta_disable_title":"on","_themeisle_gutenberg_block_has_review":false,"footnotes":"[]"},"class_list":["post-9115","page","type-page","status-publish","hentry"],"aioseo_notices":[],"featured_image_urls_v2":{"full":"","thumbnail":"","medium":"","medium_large":"","large":"","rpg_gallery_admin_thumb":"","rpg_gallery_thumb":"","1536x1536":"","2048x2048":"","neve-blog":""},"post_excerpt_stackable_v2":"<p>Plan Ecovivienda en M\u00e1laga Pedir informaci\u00f3n \u00bfQue \u00e9s el Plan Ecovivienda? Tienen por objeto la financiaci\u00f3n de obras o actuaciones en edificios de tipolog\u00eda residencial colectiva incluyendo las viviendas, y en viviendas unifamiliares en las que se obtenga una mejora acreditada de la eficiencia energ\u00e9tica.De todo el edificio en s\u00ed, no de una casa del mismo. \u00bfRehabilitaci\u00f3n u Obra nueva? Pueden ser edificios nuevos siempre que podamos justificarle a la administraci\u00f3n que primero se ha hecho el edificio sin las instalaciones de energ\u00eda renovable y luego se han incorporado. Es decir, si hacemos un certificado previo que no las recoja&hellip;<\/p>\n","category_list_v2":"","author_info_v2":{"name":"Paco Va\u00f1o","url":"https:\/\/radenergy.es\/es\/author\/paco\/"},"comments_num_v2":"0 comentarios","_links":{"self":[{"href":"https:\/\/radenergy.es\/es\/wp-json\/wp\/v2\/pages\/9115"}],"collection":[{"href":"https:\/\/radenergy.es\/es\/wp-json\/wp\/v2\/pages"}],"about":[{"href":"https:\/\/radenergy.es\/es\/wp-json\/wp\/v2\/types\/page"}],"author":[{"embeddable":true,"href":"https:\/\/radenergy.es\/es\/wp-json\/wp\/v2\/users\/7"}],"replies":[{"embeddable":true,"href":"https:\/\/radenergy.es\/es\/wp-json\/wp\/v2\/comments?post=9115"}],"version-history":[{"count":15,"href":"https:\/\/radenergy.es\/es\/wp-json\/wp\/v2\/pages\/9115\/revisions"}],"predecessor-version":[{"id":9236,"href":"https:\/\/radenergy.es\/es\/wp-json\/wp\/v2\/pages\/9115\/revisions\/9236"}],"wp:attachment":[{"href":"https:\/\/radenergy.es\/es\/wp-json\/wp\/v2\/media?parent=9115"}],"curies":[{"name":"wp","href":"https:\/\/api.w.org\/{rel}","templated":true}]}}