{"id":8857,"date":"2024-02-16T14:54:34","date_gmt":"2024-02-16T13:54:34","guid":{"rendered":"https:\/\/radenergy.es\/?page_id=8857"},"modified":"2024-02-16T14:55:37","modified_gmt":"2024-02-16T13:55:37","slug":"contacto-kit-solar","status":"publish","type":"page","link":"https:\/\/radenergy.es\/es\/contacto-kit-solar\/","title":{"rendered":"Contacto # Kit solar"},"content":{"rendered":"\n<div class=\"wp-block-columns is-layout-flex wp-container-core-columns-is-layout-2 wp-block-columns-is-layout-flex\">\n<div class=\"wp-block-column is-layout-flow wp-block-column-is-layout-flow\">\n<div class=\"alignfull wp-block-ugb-container ugb-container ugb-ac5b7ec ugb-container--v2 ugb-container--design-basic ugb-main-block ugb-main-block--inner-center ugb--has-block-background\"><style>.ugb-ac5b7ec-wrapper.ugb-container__wrapper{padding-top:0 !important;padding-bottom:0 !important;background-color:var(--nv-light-bg) !important}.ugb-ac5b7ec-wrapper > .ugb-container__side{padding-top:35px !important;padding-bottom:35px !important}.ugb-ac5b7ec-wrapper.ugb-container__wrapper:before{background-color:var(--nv-light-bg) !important}.ugb-ac5b7ec-content-wrapper > h1,.ugb-ac5b7ec-content-wrapper > h2,.ugb-ac5b7ec-content-wrapper > h3,.ugb-ac5b7ec-content-wrapper > h4,.ugb-ac5b7ec-content-wrapper > h5,.ugb-ac5b7ec-content-wrapper > h6{color:#222222}.ugb-ac5b7ec-content-wrapper > p,.ugb-ac5b7ec-content-wrapper > ol li,.ugb-ac5b7ec-content-wrapper > ul li{color:#222222}@media screen and (min-width:768px){.ugb-ac5b7ec.ugb-container{padding-top:15px !important;padding-right:35px !important;padding-bottom:15px !important;padding-left:35px !important}}@media screen and (max-width:768px){.ugb-ac5b7ec.ugb-container{padding-top:20px !important;padding-right:18px !important;padding-bottom:20px !important;padding-left:18px !important}}<\/style><div class=\"ugb-inner-block ugb-inner-block--center\"><div class=\"ugb-block-content\"><div class=\"ugb-container__wrapper ugb-ac5b7ec-wrapper\"><div class=\"ugb-container__side\"><div class=\"ugb-container__content-wrapper ugb-ac5b7ec-content-wrapper\"><div class=\"wpforms-container wpforms-container-full wpforms-block wpforms-block-7490ba5b-05e2-47b3-b2e4-aed3c8d2f853 wpforms-render-modern\" id=\"wpforms-1154\"><form id=\"wpforms-form-1154\" class=\"wpforms-validate wpforms-form\" data-formid=\"1154\" method=\"post\" enctype=\"multipart\/form-data\" action=\"\/es\/wp-json\/wp\/v2\/pages\/8857\" data-token=\"b372484f166d969593b58c8940ac7382\" data-token-time=\"1777614367\"><div class=\"wpforms-head-container\"><div class=\"wpforms-title\">Formulario de contacto<\/div><div class=\"wpforms-description\">Rellene el siguiente formulario para recibir un presupuesto r\u00e1pido para su instalaci\u00f3n solar deseada. <\/div><\/div><noscript class=\"wpforms-error-noscript\">Por favor, activa JavaScript en tu navegador para completar este formulario.<\/noscript><div class=\"wpforms-hidden\" id=\"wpforms-error-noscript\">Por favor, activa JavaScript en tu navegador para completar este formulario.<\/div><div class=\"wpforms-field-container\"><div id=\"wpforms-1154-field_0-container\" class=\"wpforms-field wpforms-field-name\" data-field-id=\"0\"><label class=\"wpforms-field-label\" for=\"wpforms-1154-field_0\">Nombre <span class=\"wpforms-required-label\" aria-hidden=\"true\">*<\/span><\/label><input type=\"text\" id=\"wpforms-1154-field_0\" class=\"wpforms-field-small wpforms-field-required\" name=\"wpforms[fields][0]\" aria-errormessage=\"wpforms-1154-field_0-error\" required><\/div><div id=\"wpforms-1154-field_15-container\" class=\"wpforms-field wpforms-field-number-slider wpforms-one-half wpforms-first\" data-field-id=\"15\"><label class=\"wpforms-field-label\" for=\"wpforms-1154-field_15\">Consumo medio mensual de electricidad (kWh)<\/label>\n<input\n\ttype=\"range\"\n\tid=\"wpforms-1154-field_15\" class=\"wpforms-field-small\" name=\"wpforms[fields][15]\" value=\"500\" aria-errormessage=\"wpforms-1154-field_15-error\" aria-describedby=\"wpforms-1154-field_15-description\"\t\tmin=\"0\"\n\tmax=\"30000000\"\n\tstep=\"50\">\n\n<div class=\"wpforms-field-number-slider-hint\"\n\tdata-hint=\"Selected Value: {value}\">\n\tSelected Value: <b>500<\/b><\/div>\n<div id=\"wpforms-1154-field_15-description\" class=\"wpforms-field-description\">Esta informaci\u00f3n est\u00e1 escrita en tu factura de electricidad. \r\nSi deseas recibir un an\u00e1lisis y dise\u00f1o m\u00e1s exacto, por favor env\u00edanos una imagen de la \u00faltima factura de electricidad a solar@radenergy.es<\/div><\/div><div id=\"wpforms-1154-field_12-container\" class=\"wpforms-field wpforms-field-text\" data-field-id=\"12\"><label class=\"wpforms-field-label\" for=\"wpforms-1154-field_12\">C\u00f3digo postal <span class=\"wpforms-required-label\" aria-hidden=\"true\">*<\/span><\/label><input type=\"text\" id=\"wpforms-1154-field_12\" class=\"wpforms-field-small wpforms-field-required\" name=\"wpforms[fields][12]\" aria-errormessage=\"wpforms-1154-field_12-error\" required><\/div><div id=\"wpforms-1154-field_1-container\" class=\"wpforms-field wpforms-field-email\" data-field-id=\"1\"><label class=\"wpforms-field-label\" for=\"wpforms-1154-field_1\">Correo electr\u00f3nico <span class=\"wpforms-required-label\" aria-hidden=\"true\">*<\/span><\/label><input type=\"email\" id=\"wpforms-1154-field_1\" class=\"wpforms-field-small wpforms-field-required\" name=\"wpforms[fields][1]\" spellcheck=\"false\" aria-errormessage=\"wpforms-1154-field_1-error\" required><\/div><div id=\"wpforms-1154-field_7-container\" class=\"wpforms-field wpforms-field-text\" data-field-id=\"7\"><label class=\"wpforms-field-label\" for=\"wpforms-1154-field_7\">N\u00famero de tel\u00e9fono<\/label><input type=\"text\" id=\"wpforms-1154-field_7\" class=\"wpforms-field-small\" name=\"wpforms[fields][7]\" aria-errormessage=\"wpforms-1154-field_7-error\" ><\/div><div id=\"wpforms-1154-field_11-container\" class=\"wpforms-field wpforms-field-radio wpforms-list-2-columns\" data-field-id=\"11\"><fieldset><legend class=\"wpforms-field-label\">Tu m\u00e9todo de contacto preferido <span class=\"wpforms-required-label\" aria-hidden=\"true\">*<\/span><\/legend><ul id=\"wpforms-1154-field_11\" class=\"wpforms-field-required\"><li class=\"choice-1 depth-1\"><input type=\"radio\" id=\"wpforms-1154-field_11_1\" name=\"wpforms[fields][11]\" value=\"Tel\u00e9fono\" aria-errormessage=\"wpforms-1154-field_11_1-error\" required ><label class=\"wpforms-field-label-inline\" for=\"wpforms-1154-field_11_1\">Tel\u00e9fono<\/label><\/li><li class=\"choice-2 depth-1\"><input type=\"radio\" id=\"wpforms-1154-field_11_2\" name=\"wpforms[fields][11]\" value=\"Correo electr\u00f3nico\" aria-errormessage=\"wpforms-1154-field_11_2-error\" required ><label class=\"wpforms-field-label-inline\" for=\"wpforms-1154-field_11_2\">Correo electr\u00f3nico<\/label><\/li><\/ul><\/fieldset><\/div><\/div><!-- .wpforms-field-container --><div class=\"wpforms-submit-container\" ><input type=\"hidden\" name=\"wpforms[id]\" value=\"1154\"><input type=\"hidden\" name=\"page_title\" value=\"\"><input type=\"hidden\" name=\"page_url\" value=\"https:\/\/radenergy.es\/es\/wp-json\/wp\/v2\/pages\/8857\"><input type=\"hidden\" name=\"url_referer\" value=\"\"><button type=\"submit\" name=\"wpforms[submit]\" id=\"wpforms-submit-1154\" class=\"wpforms-submit\" data-alt-text=\"Sending...\" data-submit-text=\"ENVIAR MENSAJE\" aria-live=\"assertive\" value=\"wpforms-submit\">ENVIAR MENSAJE<\/button><\/div><\/form><\/div>  <!-- .wpforms-container --><\/div><\/div><\/div><\/div><\/div><\/div>\n\n\n\n<div class=\"alignfull wp-block-ugb-container ugb-container ugb-7be2fa7 ugb-container--v2 ugb-container--design-basic ugb-main-block ugb-main-block--inner-center ugb--has-block-background\"><style>.ugb-7be2fa7-wrapper.ugb-container__wrapper{padding-top:0 !important;padding-bottom:0 !important;background-color:var(--nv-light-bg) !important}.ugb-7be2fa7-wrapper > .ugb-container__side{padding-top:35px !important;padding-bottom:35px !important}.ugb-7be2fa7-wrapper.ugb-container__wrapper:before{background-color:var(--nv-light-bg) !important}.ugb-7be2fa7-content-wrapper > h1,.ugb-7be2fa7-content-wrapper > h2,.ugb-7be2fa7-content-wrapper > h3,.ugb-7be2fa7-content-wrapper > h4,.ugb-7be2fa7-content-wrapper > h5,.ugb-7be2fa7-content-wrapper > h6{color:#222222}.ugb-7be2fa7-content-wrapper > p,.ugb-7be2fa7-content-wrapper > ol li,.ugb-7be2fa7-content-wrapper > ul li{color:#222222}@media screen and (min-width:768px){.ugb-7be2fa7.ugb-container{padding-top:15px !important;padding-right:35px !important;padding-bottom:15px !important;padding-left:35px !important}}@media screen and (max-width:768px){.ugb-7be2fa7.ugb-container{padding-top:20px !important;padding-right:18px !important;padding-bottom:20px !important;padding-left:18px !important}}<\/style><div class=\"ugb-inner-block ugb-inner-block--center\"><div class=\"ugb-block-content\"><div class=\"ugb-container__wrapper ugb-7be2fa7-wrapper\"><div class=\"ugb-container__side\"><div class=\"ugb-container__content-wrapper ugb-7be2fa7-content-wrapper\">\n<div class=\"wp-block-columns is-layout-flex wp-container-core-columns-is-layout-1 wp-block-columns-is-layout-flex\">\n<div class=\"wp-block-column is-layout-flow wp-block-column-is-layout-flow\"><div style=\"height:400px\" class=\"wp-block-themeisle-blocks-google-map\" id=\"wp-block-themeisle-blocks-google-map-065c6a2c\"><\/div>\n<script type=\"text\/javascript\">\n\t\/* <![CDATA[ *\/\n\t\tif ( ! window.themeisleGoogleMaps ) window.themeisleGoogleMaps =[];\n\t\twindow.themeisleGoogleMaps.push( { container: \"wp-block-themeisle-blocks-google-map-065c6a2c\", attributes: {\"id\":\"wp-block-themeisle-blocks-google-map-065c6a2c\",\"location\":\"C. Escritora Dolores Gomez de C\\u00e1diz 1, 29196 M\\u00e1laga, Spain\",\"latitude\":\"36.70940703887783\",\"longitude\":\"-4.51567305676171\",\"zoom\":18,\"markers\":[{\"id\":\"81697e27-98ff-457f-93fd-ea345d5ccf1d\",\"location\":\"C. Escritora Dolores Gomez de C\\u00e1diz 1, 29196 M\\u00e1laga, Spain\",\"title\":\"RAD ENERGY S.L.\",\"icon\":\"https:\\\/\\\/maps.google.com\\\/mapfiles\\\/ms\\\/icons\\\/green-dot.png\",\"description\":\"\",\"latitude\":\"36.70940703887783\",\"longitude\":\"-4.51567305676171\"}],\"style\":\"standard\",\"type\":\"roadmap\",\"height\":\"400px\",\"draggable\":true,\"mapTypeControl\":true,\"zoomControl\":true,\"fullscreenControl\":true,\"streetViewControl\":true,\"hasCustomCSS\":false,\"customCSS\":\"\",\"otterConditions\":[]} } );\n\t\/* ]]> *\/\n<\/script>\n<\/div>\n<\/div>\n<\/div><\/div><\/div><\/div><\/div><\/div>\n<\/div>\n<\/div>\n\n\n\n<p class=\"has-text-align-center\" id=\"contactform\" style=\"font-size:25px\"><\/p>\n","protected":false},"excerpt":{"rendered":"","protected":false},"author":2,"featured_media":0,"parent":0,"menu_order":0,"comment_status":"closed","ping_status":"closed","template":"","meta":{"_monsterinsights_skip_tracking":false,"_monsterinsights_sitenote_active":false,"_monsterinsights_sitenote_note":"","_monsterinsights_sitenote_category":0,"_uf_show_specific_survey":0,"_uf_disable_surveys":false,"neve_meta_sidebar":"","neve_meta_container":"","neve_meta_enable_content_width":"","neve_meta_content_width":0,"neve_meta_title_alignment":"","neve_meta_author_avatar":"","neve_post_elements_order":"","neve_meta_disable_header":"off","neve_meta_disable_footer":"","neve_meta_disable_title":"on","_themeisle_gutenberg_block_has_review":false,"footnotes":""},"class_list":["post-8857","page","type-page","status-publish","hentry"],"aioseo_notices":[],"featured_image_urls_v2":{"full":"","thumbnail":"","medium":"","medium_large":"","large":"","rpg_gallery_admin_thumb":"","rpg_gallery_thumb":"","1536x1536":"","2048x2048":"","neve-blog":""},"post_excerpt_stackable_v2":"<p>Formulario de contactoRellene el siguiente formulario para recibir un presupuesto r\u00e1pido para su instalaci\u00f3n solar deseada. Por favor, activa JavaScript en tu navegador para completar este formulario.Por favor, activa JavaScript en tu navegador para completar este formulario.Nombre *Consumo medio mensual de electricidad (kWh) Selected Value: 500 Esta informaci\u00f3n est\u00e1 escrita en tu factura de electricidad. Si deseas recibir un an\u00e1lisis y dise\u00f1o m\u00e1s exacto, por favor env\u00edanos una imagen de la \u00faltima factura de electricidad a solar@radenergy.esC\u00f3digo postal *Correo electr\u00f3nico *N\u00famero de tel\u00e9fonoTu m\u00e9todo de contacto preferido *Tel\u00e9fonoCorreo electr\u00f3nicoENVIAR MENSAJE<\/p>\n","category_list_v2":"","author_info_v2":{"name":"radenergy","url":"https:\/\/radenergy.es\/es\/author\/radenergy\/"},"comments_num_v2":"0 comentarios","_links":{"self":[{"href":"https:\/\/radenergy.es\/es\/wp-json\/wp\/v2\/pages\/8857"}],"collection":[{"href":"https:\/\/radenergy.es\/es\/wp-json\/wp\/v2\/pages"}],"about":[{"href":"https:\/\/radenergy.es\/es\/wp-json\/wp\/v2\/types\/page"}],"author":[{"embeddable":true,"href":"https:\/\/radenergy.es\/es\/wp-json\/wp\/v2\/users\/2"}],"replies":[{"embeddable":true,"href":"https:\/\/radenergy.es\/es\/wp-json\/wp\/v2\/comments?post=8857"}],"version-history":[{"count":1,"href":"https:\/\/radenergy.es\/es\/wp-json\/wp\/v2\/pages\/8857\/revisions"}],"predecessor-version":[{"id":8859,"href":"https:\/\/radenergy.es\/es\/wp-json\/wp\/v2\/pages\/8857\/revisions\/8859"}],"wp:attachment":[{"href":"https:\/\/radenergy.es\/es\/wp-json\/wp\/v2\/media?parent=8857"}],"curies":[{"name":"wp","href":"https:\/\/api.w.org\/{rel}","templated":true}]}}