{"id":2814,"date":"2021-03-21T23:20:57","date_gmt":"2021-03-21T22:20:57","guid":{"rendered":"https:\/\/radenergy.es\/?page_id=2814"},"modified":"2024-02-29T11:48:42","modified_gmt":"2024-02-29T10:48:42","slug":"imprint","status":"publish","type":"page","link":"https:\/\/radenergy.es\/es\/imprint\/","title":{"rendered":"Imprint"},"content":{"rendered":"\n<figure class=\"wp-block-image size-full is-style-default\"><img decoding=\"async\" width=\"1920\" height=\"601\" src=\"https:\/\/radenergy.es\/wp-content\/uploads\/2020\/12\/agriculture-2529415_1920_620.jpg\" alt=\"\" class=\"wp-image-912\" srcset=\"https:\/\/radenergy.es\/wp-content\/uploads\/2020\/12\/agriculture-2529415_1920_620.jpg 1920w, https:\/\/radenergy.es\/wp-content\/uploads\/2020\/12\/agriculture-2529415_1920_620-600x188.jpg 600w, https:\/\/radenergy.es\/wp-content\/uploads\/2020\/12\/agriculture-2529415_1920_620-300x94.jpg 300w, https:\/\/radenergy.es\/wp-content\/uploads\/2020\/12\/agriculture-2529415_1920_620-1024x321.jpg 1024w, https:\/\/radenergy.es\/wp-content\/uploads\/2020\/12\/agriculture-2529415_1920_620-768x240.jpg 768w, https:\/\/radenergy.es\/wp-content\/uploads\/2020\/12\/agriculture-2529415_1920_620-1536x481.jpg 1536w\" sizes=\"(max-width: 1920px) 100vw, 1920px\" \/><\/figure>\n\n\n\n<div class=\"wp-block-columns is-layout-flex wp-container-core-columns-is-layout-1 wp-block-columns-is-layout-flex\">\n<div class=\"wp-block-column is-layout-flow wp-block-column-is-layout-flow\">\n<p><strong>Oficina de Espa\u00f1a:<br><\/strong>RAD ENERGY S.L.<br>C\/ Escritora Dolores G\u00f3mez de C\u00e1diz 1<br>29196 Malaga<br>Espa\u00f1a<br><br>Tel +34 621 39 14 17<\/p>\n\n\n\n<p>Tel +34 951 333 470<\/p>\n\n\n\n<p><\/p>\n<\/div>\n\n\n\n<div class=\"wp-block-column is-layout-flow wp-block-column-is-layout-flow\">\n<p><strong>Oficina de Alemania: <br><\/strong>oranIT GmbH<br>Douglasstr. 36,<br>D-76133 Karlsruhe<br>Alemania<br><br>Tel: +49 721 1565 7780<br>Mob: +49 176 8080 7585<br>Fax: +49 721 4705 1829<\/p>\n\n\n\n<p><\/p>\n<\/div>\n<\/div>\n\n\n\n<p>Email: info@radenergy.es<br>Website: www.radenergy.es<br>Director General: Dr. Hamzeh Alavirad<br>NIF: B16933186<\/p>\n","protected":false},"excerpt":{"rendered":"<p>Oficina de Espa\u00f1a:RAD ENERGY S.L.C\/ Escritora Dolores G\u00f3mez de C\u00e1diz 129196 MalagaEspa\u00f1a Tel +34 621 39 14 17 Tel +34 951 333 470 Oficina de Alemania: oranIT GmbHDouglasstr. 36,D-76133 KarlsruheAlemania Tel: +49 721 1565 7780Mob: +49 176 8080 7585Fax: +49 721 4705 1829 Email: info@radenergy.esWebsite: www.radenergy.esDirector General: Dr. Hamzeh AlaviradNIF: B16933186<\/p>\n","protected":false},"author":1,"featured_media":0,"parent":0,"menu_order":0,"comment_status":"closed","ping_status":"closed","template":"","meta":{"_monsterinsights_skip_tracking":false,"_monsterinsights_sitenote_active":false,"_monsterinsights_sitenote_note":"","_monsterinsights_sitenote_category":0,"_uf_show_specific_survey":0,"_uf_disable_surveys":false,"neve_meta_sidebar":"full-width","neve_meta_container":"","neve_meta_enable_content_width":"on","neve_meta_content_width":100,"neve_meta_title_alignment":"","neve_meta_author_avatar":"","neve_post_elements_order":"","neve_meta_disable_header":"","neve_meta_disable_footer":"","neve_meta_disable_title":"","_themeisle_gutenberg_block_has_review":false,"footnotes":""},"class_list":["post-2814","page","type-page","status-publish","hentry"],"aioseo_notices":[],"featured_image_urls_v2":{"full":"","thumbnail":"","medium":"","medium_large":"","large":"","rpg_gallery_admin_thumb":"","rpg_gallery_thumb":"","1536x1536":"","2048x2048":"","neve-blog":""},"post_excerpt_stackable_v2":"<p>Oficina de Espa\u00f1a:RAD ENERGY S.L.C\/ Escritora Dolores G\u00f3mez de C\u00e1diz 129196 MalagaEspa\u00f1aTel +34 621 39 14 17 Tel +34 951 333 470 Oficina de Alemania: oranIT GmbHDouglasstr. 36,D-76133 KarlsruheAlemaniaTel: +49 721 1565 7780Mob: +49 176 8080 7585Fax: +49 721 4705 1829 Email: info@radenergy.esWebsite: www.radenergy.esDirector General: Dr. Hamzeh AlaviradNIF: B16933186<\/p>\n","category_list_v2":"","author_info_v2":{"name":"oranit","url":"https:\/\/radenergy.es\/es\/author\/oranit\/"},"comments_num_v2":"0 comentarios","_links":{"self":[{"href":"https:\/\/radenergy.es\/es\/wp-json\/wp\/v2\/pages\/2814"}],"collection":[{"href":"https:\/\/radenergy.es\/es\/wp-json\/wp\/v2\/pages"}],"about":[{"href":"https:\/\/radenergy.es\/es\/wp-json\/wp\/v2\/types\/page"}],"author":[{"embeddable":true,"href":"https:\/\/radenergy.es\/es\/wp-json\/wp\/v2\/users\/1"}],"replies":[{"embeddable":true,"href":"https:\/\/radenergy.es\/es\/wp-json\/wp\/v2\/comments?post=2814"}],"version-history":[{"count":5,"href":"https:\/\/radenergy.es\/es\/wp-json\/wp\/v2\/pages\/2814\/revisions"}],"predecessor-version":[{"id":8958,"href":"https:\/\/radenergy.es\/es\/wp-json\/wp\/v2\/pages\/2814\/revisions\/8958"}],"wp:attachment":[{"href":"https:\/\/radenergy.es\/es\/wp-json\/wp\/v2\/media?parent=2814"}],"curies":[{"name":"wp","href":"https:\/\/api.w.org\/{rel}","templated":true}]}}