{"id":2420,"date":"2020-12-25T11:53:41","date_gmt":"2020-12-25T10:53:41","guid":{"rendered":"https:\/\/radenergy.es\/ppa\/"},"modified":"2021-01-04T14:20:38","modified_gmt":"2021-01-04T13:20:38","slug":"ppa","status":"publish","type":"page","link":"https:\/\/radenergy.es\/es\/ppa\/","title":{"rendered":"Contrato de compraventa de energ\u00eda (PPA)"},"content":{"rendered":"\n<div class=\"wp-block-image is-style-default\"><figure class=\"aligncenter size-large\"><img decoding=\"async\" width=\"1920\" height=\"843\" src=\"https:\/\/radenergy.es\/wp-content\/uploads\/2020\/12\/solar-energy-5622969_1920.jpg\" alt=\"\" class=\"wp-image-1770\" srcset=\"https:\/\/radenergy.es\/wp-content\/uploads\/2020\/12\/solar-energy-5622969_1920.jpg 1920w, https:\/\/radenergy.es\/wp-content\/uploads\/2020\/12\/solar-energy-5622969_1920-300x132.jpg 300w, https:\/\/radenergy.es\/wp-content\/uploads\/2020\/12\/solar-energy-5622969_1920-768x337.jpg 768w, https:\/\/radenergy.es\/wp-content\/uploads\/2020\/12\/solar-energy-5622969_1920-1536x674.jpg 1536w, https:\/\/radenergy.es\/wp-content\/uploads\/2020\/12\/solar-energy-5622969_1920-600x263.jpg 600w\" sizes=\"(max-width: 1920px) 100vw, 1920px\" \/><\/figure><\/div>\n\n\n\n<div class=\"wp-block-ugb-container ugb-container ugb-443db2c ugb-container--v2 ugb-container--design-basic ugb-main-block\"><style>.ugb-443db2c-wrapper.ugb-container__wrapper{padding-top:0 !important;padding-bottom:0 !important}.ugb-443db2c-wrapper > .ugb-container__side{padding-top:35px !important;padding-bottom:35px !important}<\/style><div class=\"ugb-inner-block\"><div class=\"ugb-block-content\"><div class=\"ugb-container__wrapper ugb-443db2c-wrapper\"><div class=\"ugb-container__side\"><div class=\"ugb-container__content-wrapper ugb-443db2c-content-wrapper\">\n<h3 class=\"wp-block-heading\">\u00bfQu\u00e9 es un contrato de compraventa de energ\u00eda (PPA)?<\/h3>\n\n\n\n<p>Conocido como Power Purchase Agreement o PPA, es un contrato entre un consumidor y un productor de energ\u00eda. Con este acuerdo, el productor de energ\u00eda suministra al consumidor de energ\u00eda la energ\u00eda demandada (por ejemplo, la electricidad) a un precio inferior al precio de mercado. <strong>Oranit PPA<\/strong> ofrece electricidad a un precio hasta un 25% m\u00e1s bajo que los precios de los proveedores locales de electricidad (como Endesa, Iberdrola).<\/p>\n<\/div><\/div><\/div><\/div><\/div><\/div>\n\n\n\n<div class=\"wp-block-ugb-container ugb-container ugb-619eef7 ugb-container--v2 ugb-container--design-basic ugb-main-block\"><style>.ugb-619eef7-wrapper.ugb-container__wrapper{padding-top:0 !important;padding-bottom:0 !important}.ugb-619eef7-wrapper > .ugb-container__side{padding-top:35px !important;padding-bottom:35px !important}<\/style><div class=\"ugb-inner-block\"><div class=\"ugb-block-content\"><div class=\"ugb-container__wrapper ugb-619eef7-wrapper\"><div class=\"ugb-container__side\"><div class=\"ugb-container__content-wrapper ugb-619eef7-content-wrapper\">\n<h3 class=\"wp-block-heading\"><strong>\u00bfQui\u00e9n puede ser candidato para el Oranit PPA?<\/strong><\/h3>\n\n\n\n<p>Los <strong>consumidores industriales y comerciales de electricidad en Espa\u00f1a <\/strong>con un consumo <strong>anual<\/strong> de energ\u00eda superior a <strong>500MWh (500.000kWh) <\/strong>pueden solicitar el PPA de Oranit. La mayor\u00eda de la eletricidad debe ser consumida durante el d\u00eda. Para una informaci\u00f3n m\u00e1s detallada, cont\u00e1ctanos a trav\u00e9s de un <strong><a href=\"https:\/\/radenergy.es\/es\/contact\/\">correo electr\u00f3nico<\/a><\/strong> o un <strong><a href=\"https:\/\/radenergy.es\/es\/contact\/#Formulario\">formulario de contacto<\/a><\/strong>. <\/p>\n<\/div><\/div><\/div><\/div><\/div><\/div>\n\n\n\n<div class=\"wp-block-ugb-container ugb-container ugb-43b85c3 ugb-container--v2 ugb-container--design-basic ugb-main-block\"><style>.ugb-43b85c3-wrapper.ugb-container__wrapper{padding-top:0 !important;padding-bottom:0 !important}.ugb-43b85c3-wrapper > .ugb-container__side{padding-top:35px !important;padding-bottom:35px !important}<\/style><div class=\"ugb-inner-block\"><div class=\"ugb-block-content\"><div class=\"ugb-container__wrapper ugb-43b85c3-wrapper\"><div class=\"ugb-container__side\"><div class=\"ugb-container__content-wrapper ugb-43b85c3-content-wrapper\">\n<h3 class=\"wp-block-heading\"><strong>\u00bfC\u00f3mo funciona el Oranit PPA?<\/strong><\/h3>\n\n\n\n<ol class=\"wp-block-list\"><li><strong>Aprobaci\u00f3n:<\/strong> el primer paso es aprobar tu solicitud. Realizamos estudios de viabilidad para averiguar si la PPA es econ\u00f3micamente viable para tu negocio y para los inversores Oranit. Para ello, analizamos tu consumo anual de energ\u00eda y el patr\u00f3n de consumo (cu\u00e1nto utilizas la electricidad durante diferentes horas, d\u00edas y meses).<\/li><li><strong>Dise\u00f1o:<\/strong> si tu solicitud ha sido aprobada y tu consumo de energ\u00eda cumple con nuestros criterios, planificamos y dise\u00f1amos tu planta de energ\u00eda solar.<\/li><li><strong>Firma del contrato: <\/strong>firmamos dos contratos con t\u00fa, 1) contrato de PPA, 2) contrato para usar tu sitio (por ejemplo, el techo) para la instalaci\u00f3n de paneles solares.<\/li><li><strong>Financiaci\u00f3n:<\/strong> nuestros inversores pagan por su instalaci\u00f3n solar (usted paga 0 euros por el proyecto). El proyecto se completar\u00e1 en 2-3 meses.<\/li><li><strong>Generaci\u00f3n:<\/strong> durante los pr\u00f3ximos 15+ a\u00f1os, disfrutar\u00e1s de electricidad limpia a un precio siempre m\u00e1s bajo que el que te da tu proveedor de electricidad.<\/li><li><strong>Operaci\u00f3n y mantenimiento gratuitos:<\/strong> dentro de la duraci\u00f3n del PPA, operamos y mantenemos tu sistema de energ\u00eda solar, y resolvemos cualquier posible problema. Por lo tanto, la instalaci\u00f3n para ti es libre de mantenimiento.<\/li><li><strong>Electricidad gratuita:<\/strong> despu\u00e9s de la finalizaci\u00f3n del contrato de PPA, recibes la instalaci\u00f3n solar de forma gratuita. Puedes beneficiarte de la electricidad gratuita durante al menos 10 a\u00f1os m\u00e1s (la vida \u00fatil del sistema de energ\u00eda solar es de aproximadamente 30 a\u00f1os).<\/li><\/ol>\n<\/div><\/div><\/div><\/div><\/div><\/div>\n\n\n\n<div class=\"wp-block-ugb-container ugb-container ugb-41f3414 ugb-container--v2 ugb-container--design-basic ugb-main-block\"><div class=\"ugb-inner-block\"><div class=\"ugb-block-content\"><div class=\"ugb-container__wrapper ugb-41f3414-wrapper\"><div class=\"ugb-container__side\"><div class=\"ugb-container__content-wrapper ugb-41f3414-content-wrapper\">\n<div class=\"alignwide wp-block-ugb-number-box ugb-number-box ugb-3cad932 ugb-number-box--v3 ugb-number-box--columns-3 ugb-main-block\"><style>.ugb-3cad932 .ugb-number-box__item{border-radius:0px !important;background-color:rgba(255,255,255,1) !important}.ugb-3cad932 .ugb-number-box__number{font-family:\"Lato\",Sans-serif !important;font-size:29px !important;font-weight:900 !important;letter-spacing:0px !important;background-color:var(--nv-secondary-accent) !important;color:var(--nv-site-bg) !important;opacity:1;text-indent:0px;margin-bottom:35px !important}.ugb-3cad932 .ugb-number-box__title{font-size:29px !important;color:var(--nv-secondary-accent);margin-bottom:19px !important}.ugb-3cad932 .ugb-number-box__description{font-size:14px !important;color:var(--stk-global-color-88711,#313131)}.ugb-3cad932 .ugb-inner-block{text-align:center}.ugb-3cad932 .ugb-block-description{font-size:0px !important;margin-bottom:-12px}@media screen and (min-width:768px){.ugb-3cad932 .ugb-number-box__number{height:4.3em !important;width:4.3em !important;line-height:4.3em !important;margin-left:auto !important;margin-right:auto !important}.ugb-3cad932.ugb-number-box{padding-top:5% !important;padding-bottom:5% !important}}<\/style><div class=\"ugb-inner-block\"><h3 class=\"ugb-block-title\">TUS BENEFICIOS<\/h3><div class=\"ugb-block-content\"><div class=\"ugb-number-box__item ugb-number-box__item1 ugb--shadow-5\"><span class=\"ugb-number-box__number\">0 \u20ac<\/span><div class=\"ugb-number-box__content\"><h4 class=\"ugb-number-box__title\">Inversi\u00f3n<\/h4><p class=\"ugb-number-box__description\">Nuestros inversores pagan por tu planta de energ\u00eda solar y t\u00fa pagas 0 \u20ac.<\/p><\/div><\/div><div class=\"ugb-number-box__item ugb-number-box__item2 ugb--shadow-5\"><span class=\"ugb-number-box__number\">0 %<\/span><div class=\"ugb-number-box__content\"><h4 class=\"ugb-number-box__title\">Riesgo<\/h4><p class=\"ugb-number-box__description\">Tu riesgo es cero ya que nosotros nos encargamos de la financiaci\u00f3n, instalaci\u00f3n y mantenimiento.<\/p><\/div><\/div><div class=\"ugb-number-box__item ugb-number-box__item3 ugb--shadow-5\"><span class=\"ugb-number-box__number\">25%<\/span><div class=\"ugb-number-box__content\"><h4 class=\"ugb-number-box__title\">Electricidad m\u00e1s barata<\/h4><p class=\"ugb-number-box__description\">PPA te concede 15+ a\u00f1os de electricidad hasta un 25% m\u00e1s barata.<\/p><\/div><\/div><\/div><\/div><\/div>\n<\/div><\/div><\/div><\/div><\/div><\/div>\n\n\n\n<hr class=\"wp-block-separator is-style-wide\"\/>\n","protected":false},"excerpt":{"rendered":"<p>\u00bfQu\u00e9 es un contrato de compraventa de energ\u00eda (PPA)? Conocido como Power Purchase Agreement o PPA, es un contrato entre un consumidor y un productor de energ\u00eda. Con este acuerdo, el productor de energ\u00eda suministra al consumidor de energ\u00eda la energ\u00eda demandada (por ejemplo, la electricidad) a un precio inferior al precio de mercado. Oranit&hellip;&nbsp;<a href=\"https:\/\/radenergy.es\/es\/ppa\/\" class=\"\" rel=\"bookmark\">Leer m\u00e1s &raquo;<span class=\"screen-reader-text\">Contrato de compraventa de energ\u00eda (PPA)<\/span><\/a><\/p>\n","protected":false},"author":1,"featured_media":1770,"parent":0,"menu_order":0,"comment_status":"closed","ping_status":"closed","template":"","meta":{"_monsterinsights_skip_tracking":false,"_monsterinsights_sitenote_active":false,"_monsterinsights_sitenote_note":"","_monsterinsights_sitenote_category":0,"_uf_show_specific_survey":0,"_uf_disable_surveys":false,"neve_meta_sidebar":"full-width","neve_meta_container":"contained","neve_meta_enable_content_width":"on","neve_meta_content_width":100,"neve_meta_title_alignment":"","neve_meta_author_avatar":"","neve_post_elements_order":"","neve_meta_disable_header":"","neve_meta_disable_footer":"","neve_meta_disable_title":"on","_themeisle_gutenberg_block_has_review":false,"footnotes":""},"class_list":["post-2420","page","type-page","status-publish","has-post-thumbnail","hentry"],"aioseo_notices":[],"featured_image_urls_v2":{"full":["https:\/\/radenergy.es\/wp-content\/uploads\/2020\/12\/solar-energy-5622969_1920.jpg",1920,843,false],"thumbnail":["https:\/\/radenergy.es\/wp-content\/uploads\/2020\/12\/solar-energy-5622969_1920-150x150.jpg",150,150,true],"medium":["https:\/\/radenergy.es\/wp-content\/uploads\/2020\/12\/solar-energy-5622969_1920-300x132.jpg",300,132,true],"medium_large":["https:\/\/radenergy.es\/wp-content\/uploads\/2020\/12\/solar-energy-5622969_1920-768x337.jpg",768,337,true],"large":["https:\/\/radenergy.es\/wp-content\/uploads\/2020\/12\/solar-energy-5622969_1920.jpg",1200,527,false],"rpg_gallery_admin_thumb":["https:\/\/radenergy.es\/wp-content\/uploads\/2020\/12\/solar-energy-5622969_1920.jpg",150,66,false],"rpg_gallery_thumb":["https:\/\/radenergy.es\/wp-content\/uploads\/2020\/12\/solar-energy-5622969_1920.jpg",150,66,false],"1536x1536":["https:\/\/radenergy.es\/wp-content\/uploads\/2020\/12\/solar-energy-5622969_1920-1536x674.jpg",1536,674,true],"2048x2048":["https:\/\/radenergy.es\/wp-content\/uploads\/2020\/12\/solar-energy-5622969_1920.jpg",1920,843,false],"neve-blog":["https:\/\/radenergy.es\/wp-content\/uploads\/2020\/12\/solar-energy-5622969_1920-930x620.jpg",930,620,true]},"post_excerpt_stackable_v2":"<p>\u00bfQu\u00e9 es un contrato de compraventa de energ\u00eda (PPA)? Conocido como Power Purchase Agreement o PPA, es un contrato entre un consumidor y un productor de energ\u00eda. Con este acuerdo, el productor de energ\u00eda suministra al consumidor de energ\u00eda la energ\u00eda demandada (por ejemplo, la electricidad) a un precio inferior al precio de mercado. Oranit PPA ofrece electricidad a un precio hasta un 25% m\u00e1s bajo que los precios de los proveedores locales de electricidad (como Endesa, Iberdrola). \u00bfQui\u00e9n puede ser candidato para el Oranit PPA? Los consumidores industriales y comerciales de electricidad en Espa\u00f1a con un consumo anual de&hellip;<\/p>\n","category_list_v2":"","author_info_v2":{"name":"oranit","url":"https:\/\/radenergy.es\/es\/author\/oranit\/"},"comments_num_v2":"0 comentarios","_links":{"self":[{"href":"https:\/\/radenergy.es\/es\/wp-json\/wp\/v2\/pages\/2420"}],"collection":[{"href":"https:\/\/radenergy.es\/es\/wp-json\/wp\/v2\/pages"}],"about":[{"href":"https:\/\/radenergy.es\/es\/wp-json\/wp\/v2\/types\/page"}],"author":[{"embeddable":true,"href":"https:\/\/radenergy.es\/es\/wp-json\/wp\/v2\/users\/1"}],"replies":[{"embeddable":true,"href":"https:\/\/radenergy.es\/es\/wp-json\/wp\/v2\/comments?post=2420"}],"version-history":[{"count":6,"href":"https:\/\/radenergy.es\/es\/wp-json\/wp\/v2\/pages\/2420\/revisions"}],"predecessor-version":[{"id":2767,"href":"https:\/\/radenergy.es\/es\/wp-json\/wp\/v2\/pages\/2420\/revisions\/2767"}],"wp:featuredmedia":[{"embeddable":true,"href":"https:\/\/radenergy.es\/es\/wp-json\/wp\/v2\/media\/1770"}],"wp:attachment":[{"href":"https:\/\/radenergy.es\/es\/wp-json\/wp\/v2\/media?parent=2420"}],"curies":[{"name":"wp","href":"https:\/\/api.w.org\/{rel}","templated":true}]}}