{"id":2586,"date":"2020-03-27T14:39:01","date_gmt":"2020-03-27T14:39:01","guid":{"rendered":"https:\/\/radenergy.es\/contact\/"},"modified":"2023-10-18T08:15:25","modified_gmt":"2023-10-18T07:15:25","slug":"contact","status":"publish","type":"page","link":"https:\/\/radenergy.es\/de\/contact\/","title":{"rendered":"Kontakt"},"content":{"rendered":"\n<figure class=\"wp-block-image size-large is-style-default\"><img decoding=\"async\" src=\"https:\/\/radenergy.es\/wp-content\/uploads\/2020\/12\/technician-3936985_1920-e1608929070554.jpg\" alt=\"\" class=\"wp-image-2288\"\/><\/figure>\n\n\n\n<div id=\"wp-block-themeisle-blocks-advanced-columns-36f3195a\" class=\"wp-block-themeisle-blocks-advanced-columns has-3-columns has-desktop-equal-layout has-tablet-equal-layout has-mobile-collapsedRows-layout has-vertical-unset has-vertical-undefined has-light-bg\"><div class=\"wp-block-themeisle-blocks-advanced-columns-overlay\"><\/div><div class=\"innerblocks-wrap\">\n<div id=\"wp-block-themeisle-blocks-advanced-column-68e888f3\" class=\"wp-block-themeisle-blocks-advanced-column\">\n<div id=\"wp-block-themeisle-blocks-button-group-c85eb73c\" class=\"wp-block-themeisle-blocks-button-group wp-block-buttons\">\n<div id=\"wp-block-themeisle-blocks-button-25623c51\" class=\"wp-block-themeisle-blocks-button wp-block-button\"><a href=\"\" target=\"_self\" rel=\"noopener noreferrer\" class=\"wp-block-button__link\"><i class=\"fab fa-fw fa-whatsapp\"><\/i><\/a><\/div>\n<\/div>\n\n\n\n<h3 id=\"wp-block-themeisle-blocks-advanced-heading-88a18109\" class=\"wp-block-themeisle-blocks-advanced-heading wp-block-themeisle-blocks-advanced-heading-88a18109\">+34-621 391 417<br>+49-176 8080 7585<\/h3>\n\n\n\n<p class=\"has-black-color has-text-color\">Haben Sie ein dringendes Anliegen? Rufen Sie uns an wir helfen Ihnen gerne weiter<\/p>\n<\/div>\n\n\n\n<div id=\"wp-block-themeisle-blocks-advanced-column-580fddfb\" class=\"wp-block-themeisle-blocks-advanced-column\">\n<div id=\"wp-block-themeisle-blocks-button-group-5b144647\" class=\"wp-block-themeisle-blocks-button-group wp-block-buttons\">\n<div id=\"wp-block-themeisle-blocks-button-bcf00a71\" class=\"wp-block-themeisle-blocks-button wp-block-button\"><a href=\"\" target=\"_self\" rel=\"noopener noreferrer\" class=\"wp-block-button__link\"><i class=\"fas fa-fw fa-envelope\"><\/i><\/a><\/div>\n<\/div>\n\n\n\n<h3 id=\"wp-block-themeisle-blocks-advanced-heading-ebf47ed3\" class=\"wp-block-themeisle-blocks-advanced-heading wp-block-themeisle-blocks-advanced-heading-ebf47ed3\">solar@radenergy.es<\/h3>\n\n\n\n<p class=\"has-black-color has-text-color\">Senden Sie uns eine E-Mail und wir werden uns so schnell wie m\u00f6glich bei Ihnen melden.<\/p>\n<\/div>\n\n\n\n<div id=\"wp-block-themeisle-blocks-advanced-column-4d6c8e0b\" class=\"wp-block-themeisle-blocks-advanced-column\">\n<div id=\"wp-block-themeisle-blocks-button-group-84070402\" class=\"wp-block-themeisle-blocks-button-group wp-block-buttons\">\n<div id=\"wp-block-themeisle-blocks-button-19a2f1ca\" class=\"wp-block-themeisle-blocks-button wp-block-button\"><a href=\"\" target=\"_self\" rel=\"noopener noreferrer\" class=\"wp-block-button__link\"><i class=\"fas fa-fw fa-map-pin\"><\/i><\/a><\/div>\n<\/div>\n\n\n\n<p id=\"wp-block-themeisle-blocks-advanced-heading-ff564371\" class=\"wp-block-themeisle-blocks-advanced-heading wp-block-themeisle-blocks-advanced-heading-ff564371\"><strong>Spanien<\/strong>:<br><a href=\"https:\/\/maps.app.goo.gl\/AA9gudnfW2Fxerph8\" target=\"_blank\" rel=\"noopener\" title=\"C. Escritora Dolores G\u00f3mez de C\u00e1diz, 1, 29196 M\u00e1laga\">C. Escritora Dolores G\u00f3mez de C\u00e1diz, 1, 29196 M\u00e1laga<\/a><br><strong>Deutschland<\/strong>:<br><a href=\"https:\/\/maps.app.goo.gl\/wPVzm9KGDh5SqFVUA\" target=\"_blank\" rel=\"noopener\" title=\"Oranit GmbH, Douglasstr. 36, 76133 Karlsruhe, Deutschland\">Oranit GmbH, Douglasstr. 36, 76133 Karlsruhe, Deutschland<\/a><br><\/p>\n\n\n\n<p class=\"has-black-color has-text-color\"> <\/p>\n<\/div>\n<\/div><\/div>\n\n\n\n<hr class=\"wp-block-separator has-css-opacity is-style-wide\"\/>\n\n\n\n<div class=\"wp-block-buttons is-content-justification-center is-layout-flex wp-container-core-buttons-is-layout-1 wp-block-buttons-is-layout-flex\">\n<div class=\"wp-block-button is-style-primary\"><a class=\"wp-block-button__link wp-element-button\" href=\"https:\/\/radenergy.es\/services\/#solar_calculator\">Solar Calculator<\/a><\/div>\n<\/div>\n\n\n\n<hr class=\"wp-block-separator has-css-opacity is-style-wide\"\/>\n\n\n\n<p class=\"has-text-align-center\" id=\"contactform\"><strong>Kontaktformular<\/strong><\/p>\n\n\n\n<div class=\"wp-block-columns are-vertically-aligned-center is-layout-flex wp-container-core-columns-is-layout-2 wp-block-columns-is-layout-flex\">\n<div class=\"wp-block-column is-vertically-aligned-center is-layout-flow wp-block-column-is-layout-flow\" style=\"flex-basis:100%\" id=\"kontaktformular\">\n<div id=\"wp-block-themeisle-blocks-advanced-columns-173c41cc\" class=\"wp-block-themeisle-blocks-advanced-columns has-1-columns has-desktop-equal-layout has-tablet-equal-layout has-mobile-equal-layout has-vertical-unset\"><div class=\"wp-block-themeisle-blocks-advanced-columns-overlay\"><\/div><div class=\"innerblocks-wrap\">\n<div id=\"wp-block-themeisle-blocks-advanced-column-189d4365\" class=\"wp-block-themeisle-blocks-advanced-column\"><div class=\"wpforms-container wpforms-container-full wpforms-block wpforms-block-cbc8a451-a7cb-4d3c-9485-c28692cb44f8 wpforms-render-modern\" id=\"wpforms-2745\"><form id=\"wpforms-form-2745\" class=\"wpforms-validate wpforms-form\" data-formid=\"2745\" method=\"post\" enctype=\"multipart\/form-data\" action=\"\/de\/wp-json\/wp\/v2\/pages\/2586\" data-token=\"e3e5c5e08d03417f130bd41e8a8a105f\" data-token-time=\"1778150601\"><div class=\"wpforms-head-container\"><div class=\"wpforms-description\">F\u00fcllen Sie das folgende Formular aus, um ein Angebot f\u00fcr Ihre Solaranlage anzufordern.<\/div><\/div><noscript class=\"wpforms-error-noscript\">Bitte aktiviere JavaScript in deinem Browser, um dieses Formular fertigzustellen.<\/noscript><div class=\"wpforms-hidden\" id=\"wpforms-error-noscript\">Bitte aktiviere JavaScript in deinem Browser, um dieses Formular fertigzustellen.<\/div><div class=\"wpforms-field-container\"><div id=\"wpforms-2745-field_0-container\" class=\"wpforms-field wpforms-field-name\" data-field-id=\"0\"><label class=\"wpforms-field-label\" for=\"wpforms-2745-field_0\">Nachname, Vorname <span class=\"wpforms-required-label\" aria-hidden=\"true\">*<\/span><\/label><input type=\"text\" id=\"wpforms-2745-field_0\" class=\"wpforms-field-medium wpforms-field-required\" name=\"wpforms[fields][0]\" aria-errormessage=\"wpforms-2745-field_0-error\" required><\/div><div id=\"wpforms-2745-field_16-container\" class=\"wpforms-field wpforms-field-number\" data-field-id=\"16\"><label class=\"wpforms-field-label\" for=\"wpforms-2745-field_16\">Durchschnittlicher monatlicher Stromverbrauch (kWh)<\/label><input type=\"number\" id=\"wpforms-2745-field_16\" class=\"wpforms-field-medium\" name=\"wpforms[fields][16]\" value=\"300\" step=\"any\" aria-errormessage=\"wpforms-2745-field_16-error\" aria-describedby=\"wpforms-2745-field_16-description\" ><div id=\"wpforms-2745-field_16-description\" class=\"wpforms-field-description\">Diese Informationen finden Sie auf Ihrer Stromrechnung. Wenn Sie eine genauere Analyse und Planung w\u00fcnschen, senden Sie uns bitte ein Bild der letzten Stromrechnung an solar@radenergy.es<\/div><\/div><div id=\"wpforms-2745-field_12-container\" class=\"wpforms-field wpforms-field-text\" data-field-id=\"12\"><label class=\"wpforms-field-label\" for=\"wpforms-2745-field_12\">Postleitzahl <span class=\"wpforms-required-label\" aria-hidden=\"true\">*<\/span><\/label><input type=\"text\" id=\"wpforms-2745-field_12\" class=\"wpforms-field-medium wpforms-field-required\" name=\"wpforms[fields][12]\" aria-errormessage=\"wpforms-2745-field_12-error\" required><\/div><div id=\"wpforms-2745-field_1-container\" class=\"wpforms-field wpforms-field-email\" data-field-id=\"1\"><label class=\"wpforms-field-label\" for=\"wpforms-2745-field_1\">Email <span class=\"wpforms-required-label\" aria-hidden=\"true\">*<\/span><\/label><input type=\"email\" id=\"wpforms-2745-field_1\" class=\"wpforms-field-medium wpforms-field-required\" name=\"wpforms[fields][1]\" spellcheck=\"false\" aria-errormessage=\"wpforms-2745-field_1-error\" required><\/div><div id=\"wpforms-2745-field_7-container\" class=\"wpforms-field wpforms-field-text\" data-field-id=\"7\"><label class=\"wpforms-field-label\" for=\"wpforms-2745-field_7\">Telefonnummer<\/label><input type=\"text\" id=\"wpforms-2745-field_7\" class=\"wpforms-field-medium\" name=\"wpforms[fields][7]\" aria-errormessage=\"wpforms-2745-field_7-error\" ><\/div><div id=\"wpforms-2745-field_2-container\" class=\"wpforms-field wpforms-field-textarea\" data-field-id=\"2\"><label class=\"wpforms-field-label\" for=\"wpforms-2745-field_2\">Kommentar oder Nachricht<\/label><textarea id=\"wpforms-2745-field_2\" class=\"wpforms-field-medium\" name=\"wpforms[fields][2]\" aria-errormessage=\"wpforms-2745-field_2-error\" ><\/textarea><\/div><div id=\"wpforms-2745-field_11-container\" class=\"wpforms-field wpforms-field-radio wpforms-list-2-columns\" data-field-id=\"11\"><fieldset><legend class=\"wpforms-field-label\">Ihre bevorzugte Kontaktm\u00f6glichkeit  <span class=\"wpforms-required-label\" aria-hidden=\"true\">*<\/span><\/legend><ul id=\"wpforms-2745-field_11\" class=\"wpforms-field-required\"><li class=\"choice-1 depth-1\"><input type=\"radio\" id=\"wpforms-2745-field_11_1\" name=\"wpforms[fields][11]\" value=\"Phone\" aria-errormessage=\"wpforms-2745-field_11_1-error\" required ><label class=\"wpforms-field-label-inline\" for=\"wpforms-2745-field_11_1\">Phone<\/label><\/li><li class=\"choice-2 depth-1\"><input type=\"radio\" id=\"wpforms-2745-field_11_2\" name=\"wpforms[fields][11]\" value=\"Email\" aria-errormessage=\"wpforms-2745-field_11_2-error\" required ><label class=\"wpforms-field-label-inline\" for=\"wpforms-2745-field_11_2\">Email<\/label><\/li><\/ul><\/fieldset><\/div><\/div><!-- .wpforms-field-container --><div class=\"wpforms-submit-container\" ><input type=\"hidden\" name=\"wpforms[id]\" value=\"2745\"><input type=\"hidden\" name=\"page_title\" value=\"\"><input type=\"hidden\" name=\"page_url\" value=\"https:\/\/radenergy.es\/de\/wp-json\/wp\/v2\/pages\/2586\"><input type=\"hidden\" name=\"url_referer\" value=\"\"><button type=\"submit\" name=\"wpforms[submit]\" id=\"wpforms-submit-2745\" class=\"wpforms-submit\" data-alt-text=\"Sending...\" data-submit-text=\"Senden\" aria-live=\"assertive\" value=\"wpforms-submit\">Senden<\/button><\/div><\/form><\/div>  <!-- .wpforms-container --><\/div>\n<\/div><\/div>\n\n\n\n<div class=\"wp-block-columns is-layout-flex wp-container-core-columns-is-layout-1 wp-block-columns-is-layout-flex\">\n<div class=\"wp-block-column is-layout-flow wp-block-column-is-layout-flow\" style=\"flex-basis:100%\"><\/div>\n<\/div>\n\n\n\n<p><\/p>\n<\/div>\n<\/div>\n","protected":false},"excerpt":{"rendered":"<p>Kontaktformular<\/p>\n","protected":false},"author":1,"featured_media":0,"parent":0,"menu_order":0,"comment_status":"closed","ping_status":"closed","template":"","meta":{"_monsterinsights_skip_tracking":false,"_monsterinsights_sitenote_active":false,"_monsterinsights_sitenote_note":"","_monsterinsights_sitenote_category":0,"_uf_show_specific_survey":0,"_uf_disable_surveys":false,"neve_meta_sidebar":"full-width","neve_meta_container":"default","neve_meta_enable_content_width":"on","neve_meta_content_width":100,"neve_meta_title_alignment":"","neve_meta_author_avatar":"","neve_post_elements_order":"","neve_meta_disable_header":"","neve_meta_disable_footer":"","neve_meta_disable_title":"on","_themeisle_gutenberg_block_has_review":false,"footnotes":""},"class_list":["post-2586","page","type-page","status-publish","hentry"],"aioseo_notices":[],"featured_image_urls_v2":{"full":"","thumbnail":"","medium":"","medium_large":"","large":"","rpg_gallery_admin_thumb":"","rpg_gallery_thumb":"","1536x1536":"","2048x2048":"","neve-blog":""},"post_excerpt_stackable_v2":"<p>+34-621 391 417+49-176 8080 7585 Haben Sie ein dringendes Anliegen? Rufen Sie uns an wir helfen Ihnen gerne weiter solar@radenergy.es Senden Sie uns eine E-Mail und wir werden uns so schnell wie m\u00f6glich bei Ihnen melden. Spanien:C. Escritora Dolores G\u00f3mez de C\u00e1diz, 1, 29196 M\u00e1lagaDeutschland:Oranit GmbH, Douglasstr. 36, 76133 Karlsruhe, Deutschland Solar Calculator Kontaktformular F\u00fcllen Sie das folgende Formular aus, um ein Angebot f\u00fcr Ihre Solaranlage anzufordern.Bitte aktiviere JavaScript in deinem Browser, um dieses Formular fertigzustellen.Bitte aktiviere JavaScript in deinem Browser, um dieses Formular fertigzustellen.Nachname, Vorname *Durchschnittlicher monatlicher Stromverbrauch (kWh)Diese Informationen finden Sie auf Ihrer Stromrechnung. Wenn Sie eine genauere&hellip;<\/p>\n","category_list_v2":"","author_info_v2":{"name":"oranit","url":"https:\/\/radenergy.es\/de\/author\/oranit\/"},"comments_num_v2":"0 comments","_links":{"self":[{"href":"https:\/\/radenergy.es\/de\/wp-json\/wp\/v2\/pages\/2586"}],"collection":[{"href":"https:\/\/radenergy.es\/de\/wp-json\/wp\/v2\/pages"}],"about":[{"href":"https:\/\/radenergy.es\/de\/wp-json\/wp\/v2\/types\/page"}],"author":[{"embeddable":true,"href":"https:\/\/radenergy.es\/de\/wp-json\/wp\/v2\/users\/1"}],"replies":[{"embeddable":true,"href":"https:\/\/radenergy.es\/de\/wp-json\/wp\/v2\/comments?post=2586"}],"version-history":[{"count":6,"href":"https:\/\/radenergy.es\/de\/wp-json\/wp\/v2\/pages\/2586\/revisions"}],"predecessor-version":[{"id":5340,"href":"https:\/\/radenergy.es\/de\/wp-json\/wp\/v2\/pages\/2586\/revisions\/5340"}],"wp:attachment":[{"href":"https:\/\/radenergy.es\/de\/wp-json\/wp\/v2\/media?parent=2586"}],"curies":[{"name":"wp","href":"https:\/\/api.w.org\/{rel}","templated":true}]}}